{"id":8,"date":"2017-07-16T12:06:18","date_gmt":"2017-07-16T10:06:18","guid":{"rendered":"http:\/\/carrosseriebarros.com\/?page_id=8"},"modified":"2023-03-29T17:03:03","modified_gmt":"2023-03-29T15:03:03","slug":"a-propos-de","status":"publish","type":"page","link":"https:\/\/carrosseriebarros.com\/index.php\/a-propos-de\/","title":{"rendered":"Carrosserie Barros"},"content":{"rendered":"\n<p>Carrosserie Barros depuis 1968 \u00e0 votre service !!!<br>Nos comp\u00e9tences :<br>Redressage des \u00e9l\u00e9ments de carrosserie endommag\u00e9s,<br>Changement de pi\u00e8ces de carrosserie,<br>D\u00e9bosselage,<br>Travaux de r\u00e9paration rapides,<br>Peinture sur carrosserie,<br>T\u00f4lerie,<br>Redressement de ch\u00e2ssis,<br>Passage au marbre<\/p>\n\n\n\n<figure class=\"wp-block-image\"><img loading=\"lazy\" decoding=\"async\" width=\"1024\" height=\"667\" src=\"http:\/\/carrosseriebarros.com\/wp-content\/uploads\/2017\/07\/cartedevisiteR-1024x667.jpg\" alt=\"\" class=\"wp-image-38\" srcset=\"https:\/\/carrosseriebarros.com\/wp-content\/uploads\/2017\/07\/cartedevisiteR-1024x667.jpg 1024w, https:\/\/carrosseriebarros.com\/wp-content\/uploads\/2017\/07\/cartedevisiteR-300x196.jpg 300w, https:\/\/carrosseriebarros.com\/wp-content\/uploads\/2017\/07\/cartedevisiteR-768x501.jpg 768w, https:\/\/carrosseriebarros.com\/wp-content\/uploads\/2017\/07\/cartedevisiteR.jpg 1051w\" sizes=\"auto, (max-width: 767px) 89vw, (max-width: 1000px) 54vw, (max-width: 1071px) 543px, 580px\" \/><\/figure>\n","protected":false},"excerpt":{"rendered":"<p>Carrosserie Barros depuis 1968 \u00e0 votre service !!!Nos comp\u00e9tences :Redressage des \u00e9l\u00e9ments de carrosserie endommag\u00e9s,Changement de pi\u00e8ces de carrosserie,D\u00e9bosselage,Travaux de r\u00e9paration rapides,Peinture sur carrosserie,T\u00f4lerie,Redressement de ch\u00e2ssis,Passage au marbre<\/p>\n","protected":false},"author":1,"featured_media":37,"parent":0,"menu_order":0,"comment_status":"closed","ping_status":"closed","template":"","meta":{"footnotes":""},"class_list":["post-8","page","type-page","status-publish","has-post-thumbnail","hentry"],"yoast_head":"<!-- This site is optimized with the Yoast SEO plugin v27.0 - https:\/\/yoast.com\/product\/yoast-seo-wordpress\/ -->\n<title>Carrosserie Barros - CARROSSERIE BARROS<\/title>\n<meta name=\"robots\" content=\"index, follow, max-snippet:-1, max-image-preview:large, max-video-preview:-1\" \/>\n<link rel=\"canonical\" href=\"https:\/\/carrosseriebarros.com\/index.php\/a-propos-de\/\" \/>\n<meta property=\"og:locale\" content=\"fr_FR\" \/>\n<meta property=\"og:type\" content=\"article\" \/>\n<meta property=\"og:title\" content=\"Carrosserie Barros - CARROSSERIE BARROS\" \/>\n<meta property=\"og:description\" content=\"Carrosserie Barros depuis 1968 \u00e0 votre service !!!Nos comp\u00e9tences :Redressage des \u00e9l\u00e9ments de carrosserie endommag\u00e9s,Changement de pi\u00e8ces de carrosserie,D\u00e9bosselage,Travaux de r\u00e9paration rapides,Peinture sur carrosserie,T\u00f4lerie,Redressement de ch\u00e2ssis,Passage au marbre\" \/>\n<meta property=\"og:url\" content=\"https:\/\/carrosseriebarros.com\/index.php\/a-propos-de\/\" \/>\n<meta property=\"og:site_name\" content=\"CARROSSERIE BARROS\" \/>\n<meta property=\"article:publisher\" content=\"https:\/\/www.facebook.com\/carrosseriebarros\" \/>\n<meta property=\"article:modified_time\" content=\"2023-03-29T15:03:03+00:00\" \/>\n<meta property=\"og:image\" content=\"https:\/\/carrosseriebarros.com\/wp-content\/uploads\/2017\/07\/logo-Barros-1.jpg\" \/>\n\t<meta property=\"og:image:width\" content=\"3507\" \/>\n\t<meta property=\"og:image:height\" content=\"1370\" \/>\n\t<meta property=\"og:image:type\" content=\"image\/jpeg\" \/>\n<meta name=\"twitter:card\" content=\"summary_large_image\" \/>\n<meta name=\"twitter:label1\" content=\"Dur\u00e9e de lecture estim\u00e9e\" \/>\n\t<meta name=\"twitter:data1\" content=\"1 minute\" \/>\n<script type=\"application\/ld+json\" class=\"yoast-schema-graph\">{\"@context\":\"https:\/\/schema.org\",\"@graph\":[{\"@type\":\"WebPage\",\"@id\":\"https:\/\/carrosseriebarros.com\/index.php\/a-propos-de\/\",\"url\":\"https:\/\/carrosseriebarros.com\/index.php\/a-propos-de\/\",\"name\":\"Carrosserie Barros - CARROSSERIE BARROS\",\"isPartOf\":{\"@id\":\"https:\/\/carrosseriebarros.com\/#website\"},\"primaryImageOfPage\":{\"@id\":\"https:\/\/carrosseriebarros.com\/index.php\/a-propos-de\/#primaryimage\"},\"image\":{\"@id\":\"https:\/\/carrosseriebarros.com\/index.php\/a-propos-de\/#primaryimage\"},\"thumbnailUrl\":\"https:\/\/carrosseriebarros.com\/wp-content\/uploads\/2017\/07\/logo-Barros-1.jpg\",\"datePublished\":\"2017-07-16T10:06:18+00:00\",\"dateModified\":\"2023-03-29T15:03:03+00:00\",\"breadcrumb\":{\"@id\":\"https:\/\/carrosseriebarros.com\/index.php\/a-propos-de\/#breadcrumb\"},\"inLanguage\":\"fr-FR\",\"potentialAction\":[{\"@type\":\"ReadAction\",\"target\":[\"https:\/\/carrosseriebarros.com\/index.php\/a-propos-de\/\"]}]},{\"@type\":\"ImageObject\",\"inLanguage\":\"fr-FR\",\"@id\":\"https:\/\/carrosseriebarros.com\/index.php\/a-propos-de\/#primaryimage\",\"url\":\"https:\/\/carrosseriebarros.com\/wp-content\/uploads\/2017\/07\/logo-Barros-1.jpg\",\"contentUrl\":\"https:\/\/carrosseriebarros.com\/wp-content\/uploads\/2017\/07\/logo-Barros-1.jpg\",\"width\":3507,\"height\":1370},{\"@type\":\"BreadcrumbList\",\"@id\":\"https:\/\/carrosseriebarros.com\/index.php\/a-propos-de\/#breadcrumb\",\"itemListElement\":[{\"@type\":\"ListItem\",\"position\":1,\"name\":\"Accueil\",\"item\":\"https:\/\/carrosseriebarros.com\/\"},{\"@type\":\"ListItem\",\"position\":2,\"name\":\"Carrosserie Barros\"}]},{\"@type\":\"WebSite\",\"@id\":\"https:\/\/carrosseriebarros.com\/#website\",\"url\":\"https:\/\/carrosseriebarros.com\/\",\"name\":\"CARROSSERIE BARROS\",\"description\":\"TOULOUSE\",\"publisher\":{\"@id\":\"https:\/\/carrosseriebarros.com\/#organization\"},\"potentialAction\":[{\"@type\":\"SearchAction\",\"target\":{\"@type\":\"EntryPoint\",\"urlTemplate\":\"https:\/\/carrosseriebarros.com\/?s={search_term_string}\"},\"query-input\":{\"@type\":\"PropertyValueSpecification\",\"valueRequired\":true,\"valueName\":\"search_term_string\"}}],\"inLanguage\":\"fr-FR\"},{\"@type\":\"Organization\",\"@id\":\"https:\/\/carrosseriebarros.com\/#organization\",\"name\":\"CARROSSERIE BARROS\",\"url\":\"https:\/\/carrosseriebarros.com\/\",\"logo\":{\"@type\":\"ImageObject\",\"inLanguage\":\"fr-FR\",\"@id\":\"https:\/\/carrosseriebarros.com\/#\/schema\/logo\/image\/\",\"url\":\"https:\/\/carrosseriebarros.com\/wp-content\/uploads\/2017\/07\/cropped-logo-Barros.png\",\"contentUrl\":\"https:\/\/carrosseriebarros.com\/wp-content\/uploads\/2017\/07\/cropped-logo-Barros.png\",\"width\":651,\"height\":250,\"caption\":\"CARROSSERIE BARROS\"},\"image\":{\"@id\":\"https:\/\/carrosseriebarros.com\/#\/schema\/logo\/image\/\"},\"sameAs\":[\"https:\/\/www.facebook.com\/carrosseriebarros\"]}]}<\/script>\n<!-- \/ Yoast SEO plugin. -->","yoast_head_json":{"title":"Carrosserie Barros - CARROSSERIE BARROS","robots":{"index":"index","follow":"follow","max-snippet":"max-snippet:-1","max-image-preview":"max-image-preview:large","max-video-preview":"max-video-preview:-1"},"canonical":"https:\/\/carrosseriebarros.com\/index.php\/a-propos-de\/","og_locale":"fr_FR","og_type":"article","og_title":"Carrosserie Barros - CARROSSERIE BARROS","og_description":"Carrosserie Barros depuis 1968 \u00e0 votre service !!!Nos comp\u00e9tences :Redressage des \u00e9l\u00e9ments de carrosserie endommag\u00e9s,Changement de pi\u00e8ces de carrosserie,D\u00e9bosselage,Travaux de r\u00e9paration rapides,Peinture sur carrosserie,T\u00f4lerie,Redressement de ch\u00e2ssis,Passage au marbre","og_url":"https:\/\/carrosseriebarros.com\/index.php\/a-propos-de\/","og_site_name":"CARROSSERIE BARROS","article_publisher":"https:\/\/www.facebook.com\/carrosseriebarros","article_modified_time":"2023-03-29T15:03:03+00:00","og_image":[{"width":3507,"height":1370,"url":"https:\/\/carrosseriebarros.com\/wp-content\/uploads\/2017\/07\/logo-Barros-1.jpg","type":"image\/jpeg"}],"twitter_card":"summary_large_image","twitter_misc":{"Dur\u00e9e de lecture estim\u00e9e":"1 minute"},"schema":{"@context":"https:\/\/schema.org","@graph":[{"@type":"WebPage","@id":"https:\/\/carrosseriebarros.com\/index.php\/a-propos-de\/","url":"https:\/\/carrosseriebarros.com\/index.php\/a-propos-de\/","name":"Carrosserie Barros - CARROSSERIE BARROS","isPartOf":{"@id":"https:\/\/carrosseriebarros.com\/#website"},"primaryImageOfPage":{"@id":"https:\/\/carrosseriebarros.com\/index.php\/a-propos-de\/#primaryimage"},"image":{"@id":"https:\/\/carrosseriebarros.com\/index.php\/a-propos-de\/#primaryimage"},"thumbnailUrl":"https:\/\/carrosseriebarros.com\/wp-content\/uploads\/2017\/07\/logo-Barros-1.jpg","datePublished":"2017-07-16T10:06:18+00:00","dateModified":"2023-03-29T15:03:03+00:00","breadcrumb":{"@id":"https:\/\/carrosseriebarros.com\/index.php\/a-propos-de\/#breadcrumb"},"inLanguage":"fr-FR","potentialAction":[{"@type":"ReadAction","target":["https:\/\/carrosseriebarros.com\/index.php\/a-propos-de\/"]}]},{"@type":"ImageObject","inLanguage":"fr-FR","@id":"https:\/\/carrosseriebarros.com\/index.php\/a-propos-de\/#primaryimage","url":"https:\/\/carrosseriebarros.com\/wp-content\/uploads\/2017\/07\/logo-Barros-1.jpg","contentUrl":"https:\/\/carrosseriebarros.com\/wp-content\/uploads\/2017\/07\/logo-Barros-1.jpg","width":3507,"height":1370},{"@type":"BreadcrumbList","@id":"https:\/\/carrosseriebarros.com\/index.php\/a-propos-de\/#breadcrumb","itemListElement":[{"@type":"ListItem","position":1,"name":"Accueil","item":"https:\/\/carrosseriebarros.com\/"},{"@type":"ListItem","position":2,"name":"Carrosserie Barros"}]},{"@type":"WebSite","@id":"https:\/\/carrosseriebarros.com\/#website","url":"https:\/\/carrosseriebarros.com\/","name":"CARROSSERIE BARROS","description":"TOULOUSE","publisher":{"@id":"https:\/\/carrosseriebarros.com\/#organization"},"potentialAction":[{"@type":"SearchAction","target":{"@type":"EntryPoint","urlTemplate":"https:\/\/carrosseriebarros.com\/?s={search_term_string}"},"query-input":{"@type":"PropertyValueSpecification","valueRequired":true,"valueName":"search_term_string"}}],"inLanguage":"fr-FR"},{"@type":"Organization","@id":"https:\/\/carrosseriebarros.com\/#organization","name":"CARROSSERIE BARROS","url":"https:\/\/carrosseriebarros.com\/","logo":{"@type":"ImageObject","inLanguage":"fr-FR","@id":"https:\/\/carrosseriebarros.com\/#\/schema\/logo\/image\/","url":"https:\/\/carrosseriebarros.com\/wp-content\/uploads\/2017\/07\/cropped-logo-Barros.png","contentUrl":"https:\/\/carrosseriebarros.com\/wp-content\/uploads\/2017\/07\/cropped-logo-Barros.png","width":651,"height":250,"caption":"CARROSSERIE BARROS"},"image":{"@id":"https:\/\/carrosseriebarros.com\/#\/schema\/logo\/image\/"},"sameAs":["https:\/\/www.facebook.com\/carrosseriebarros"]}]}},"_links":{"self":[{"href":"https:\/\/carrosseriebarros.com\/index.php\/wp-json\/wp\/v2\/pages\/8","targetHints":{"allow":["GET"]}}],"collection":[{"href":"https:\/\/carrosseriebarros.com\/index.php\/wp-json\/wp\/v2\/pages"}],"about":[{"href":"https:\/\/carrosseriebarros.com\/index.php\/wp-json\/wp\/v2\/types\/page"}],"author":[{"embeddable":true,"href":"https:\/\/carrosseriebarros.com\/index.php\/wp-json\/wp\/v2\/users\/1"}],"replies":[{"embeddable":true,"href":"https:\/\/carrosseriebarros.com\/index.php\/wp-json\/wp\/v2\/comments?post=8"}],"version-history":[{"count":4,"href":"https:\/\/carrosseriebarros.com\/index.php\/wp-json\/wp\/v2\/pages\/8\/revisions"}],"predecessor-version":[{"id":65,"href":"https:\/\/carrosseriebarros.com\/index.php\/wp-json\/wp\/v2\/pages\/8\/revisions\/65"}],"wp:featuredmedia":[{"embeddable":true,"href":"https:\/\/carrosseriebarros.com\/index.php\/wp-json\/wp\/v2\/media\/37"}],"wp:attachment":[{"href":"https:\/\/carrosseriebarros.com\/index.php\/wp-json\/wp\/v2\/media?parent=8"}],"curies":[{"name":"wp","href":"https:\/\/api.w.org\/{rel}","templated":true}]}}